{"id":736,"date":"2021-10-18T10:07:20","date_gmt":"2021-10-18T07:07:20","guid":{"rendered":"https:\/\/pazangi.lt\/apie-imone\/"},"modified":"2023-08-28T14:31:58","modified_gmt":"2023-08-28T11:31:58","slug":"apie-imone","status":"publish","type":"page","link":"https:\/\/pazangi.lt\/en\/apie-imone\/","title":{"rendered":"Apie \u012fmon\u0119"},"content":{"rendered":"<div class=\"vce-row-container\"><div class=\"vce-row vce-element--xl--has-background vce-element--lg--has-background vce-element--md--has-background vce-element--sm--has-background vce-element--xs--has-background vce-row--col-gap-30 vce-row-equal-height vce-row-content--middle\" data-vce-full-width=\"true\" id=\"el-b51c6d91\" data-vce-do-apply=\"all el-b51c6d91\"><div class=\"vce-content-background-container\"><div class=\"vce-asset-background-simple-container vce-visible-xl-only vce-asset-background-simple--style-contain vce-asset-background-simple--position-right-center\"><div class=\"vce-asset-background-simple\"><div class=\"vce-asset-background-simple-item\" style=\"background-image: url('https:\/\/pazangi.lt\/wp-content\/uploads\/2021\/10\/header.svg');\"><\/div><\/div><\/div><div class=\"vce-asset-background-simple-container vce-visible-lg-only vce-asset-background-simple--style-contain vce-asset-background-simple--position-right-center\"><div class=\"vce-asset-background-simple\"><div class=\"vce-asset-background-simple-item\" style=\"background-image: url('https:\/\/pazangi.lt\/wp-content\/uploads\/2021\/10\/header.svg');\"><\/div><\/div><\/div><div class=\"vce-asset-background-simple-container vce-visible-md-only vce-asset-background-simple--style-contain vce-asset-background-simple--position-right-center\"><div class=\"vce-asset-background-simple\"><div class=\"vce-asset-background-simple-item\" style=\"background-image: url('https:\/\/pazangi.lt\/wp-content\/uploads\/2021\/10\/header.svg');\"><\/div><\/div><\/div><div class=\"vce-asset-background-simple-container vce-visible-sm-only vce-asset-background-simple--style-contain vce-asset-background-simple--position-right-center\"><div class=\"vce-asset-background-simple\"><div class=\"vce-asset-background-simple-item\" style=\"background-image: url('https:\/\/pazangi.lt\/wp-content\/uploads\/2021\/10\/taskai-mob.svg');\"><\/div><\/div><\/div><div class=\"vce-asset-background-simple-container vce-visible-xs-only vce-asset-background-simple--style-contain vce-asset-background-simple--position-right-center\"><div class=\"vce-asset-background-simple\"><div class=\"vce-asset-background-simple-item\" style=\"background-image: url('https:\/\/pazangi.lt\/wp-content\/uploads\/2021\/10\/taskai-mob.svg');\"><\/div><\/div><\/div><\/div><div class=\"vce-row-content\" data-vce-element-content=\"true\"><div class=\"vce-col vce-col--md-auto vce-col--xs-1 vce-col--xs-last vce-col--xs-first vce-col--sm-last vce-col--sm-first vce-col--md-last vce-col--lg-last vce-col--xl-last vce-col--md-first vce-col--lg-first vce-col--xl-first\" id=\"el-6dce6728\"><div class=\"vce-col-inner\" data-vce-do-apply=\"border margin background  el-6dce6728\"><div class=\"vce-col-content\" data-vce-element-content=\"true\" data-vce-do-apply=\"padding el-6dce6728\"><div class=\"vce-text-block\"><div class=\"vce-text-block-wrapper vce\" id=\"el-f58205b4\" data-vce-do-apply=\"all el-f58205b4\"><h2 style=\"color: #fff;\">Apie \u012fmon\u0119<\/h2><\/div><\/div><\/div><\/div><\/div><\/div><\/div><\/div><div class=\"vce-row-container\"><div class=\"vce-row vce-row--col-gap-30 vce-row-equal-height vce-row-content--top\" data-vce-full-width=\"true\" id=\"el-a48f2ff8\" data-vce-do-apply=\"all el-a48f2ff8\"><div class=\"vce-content-background-container\"><\/div><div class=\"vce-row-content\" data-vce-element-content=\"true\"><div class=\"vce-col vce-col--md-auto vce-col--xs-1 vce-col--xs-last vce-col--xs-first vce-col--sm-last vce-col--sm-first vce-col--md-last vce-col--lg-last vce-col--xl-last vce-col--md-first vce-col--lg-first vce-col--xl-first\" id=\"el-301e8262\"><div class=\"vce-col-inner\" data-vce-do-apply=\"border margin background  el-301e8262\"><div class=\"vce-col-content\" data-vce-element-content=\"true\" data-vce-do-apply=\"padding el-301e8262\"><div class=\"vce-text-block\"><div class=\"vce-text-block-wrapper vce\" id=\"el-53357305\" data-vce-do-apply=\"all el-53357305\"><h6 style=\"line-height: 1.5;\">Pa\u017eangi energija \u2013 \u017ealiosios energetikos bendrov\u0117, vystanti pa\u017eangi\u0173j\u0173 biodegal\u0173 projektus Lietuvoje. 2021-aisiais metais \u012fmon\u0119 \u012fk\u016br\u0117 ilgamet\u0119 patirt\u012f atsinaujinan\u010dios energetikos sektoriuje sukaup\u0119 specialistai.<\/h6><\/div><\/div><\/div><\/div><\/div><\/div><\/div><\/div><div class=\"vce-row-container\"><div class=\"vce-row vce-element--has-background vce-row--col-gap-30 vce-row-equal-height vce-row-content--top vcv-state--show-resizer\" data-vce-full-width=\"true\" id=\"el-655452e3\" data-vce-do-apply=\"all el-655452e3\"><div class=\"vce-content-background-container\"><\/div><div class=\"vce-row-content\" data-vce-element-content=\"true\"><div class=\"vce-col vce-col--md-auto vce-col--xs-1 vce-col--xs-last vce-col--xs-first vce-col--sm-last vce-col--sm-first vce-col--md-last vce-col--lg-last vce-col--xl-last vce-col--md-first vce-col--lg-first vce-col--xl-first\" id=\"el-32993848\"><div class=\"vce-col-inner\" data-vce-do-apply=\"border margin background  el-32993848\"><div class=\"vce-content-background-container\"><\/div><div class=\"vce-col-content\" data-vce-element-content=\"true\" data-vce-do-apply=\"padding el-32993848\"><div class=\"vce-text-block\"><div class=\"vce-text-block-wrapper vce\" id=\"el-72bbd752\" data-vce-do-apply=\"all el-72bbd752\"><h3 style=\"text-align: left;\">Komanda<\/h3><\/div><\/div><\/div><\/div><\/div><\/div><\/div><\/div><div class=\"vce-row-container\"><div class=\"vce-row vce-element--has-background vce-row--col-gap-30 vce-row-equal-height vce-row-content--top\" data-vce-full-width=\"true\" id=\"el-5a208aa8\" data-vce-do-apply=\"all el-5a208aa8\"><div class=\"vce-content-background-container\"><\/div><div class=\"vce-row-content\" data-vce-element-content=\"true\"><div class=\"vce-col vce-col--md-auto vce-col--xs-1 vce-col--xs-last vce-col--xs-first vce-col--sm-last vce-col--sm-first vce-col--md-first vce-col--lg-first vce-col--xl-first\" id=\"el-c7712fca\"><div class=\"vce-col-inner\" data-vce-do-apply=\"border margin background  el-c7712fca\"><div class=\"vce-content-background-container\"><\/div><div class=\"vce-col-content\" data-vce-element-content=\"true\" data-vce-do-apply=\"padding el-c7712fca\"><div class=\"vce-row-container\" data-vce-boxed-width=\"true\"><div class=\"vce-row vce-row--col-gap-30 vce-row-equal-height vce-row-content--middle\" id=\"el-b76f68f2\" data-vce-do-apply=\"all el-b76f68f2\"><div class=\"vce-row-content\" data-vce-element-content=\"true\"><div class=\"vce-col vce-col--xs-33p vce-col--all-first\" id=\"el-d975ac69\"><div class=\"vce-col-inner\" data-vce-do-apply=\"border margin background  el-d975ac69\"><div class=\"vce-col-content\" data-vce-element-content=\"true\" data-vce-do-apply=\"padding el-d975ac69\"><div class=\"vce-single-image-container vce-single-image--align-left\"><div class=\"vce vce-single-image-wrapper\" id=\"el-3292b673\" data-vce-do-apply=\"all el-3292b673\"><figure><div class=\"vce-single-image-inner vce-single-image--absolute vce-single-image--border-round\" style=\"padding-bottom: 100%; width: 150px;\"><img loading=\"lazy\" decoding=\"async\" class=\"vce-single-image vcv-lozad\" data-src=\"https:\/\/pazangi.lt\/wp-content\/uploads\/2021\/11\/Donatas-Daunys-pazangi-energija.jpg\" width=\"150\" height=\"150\" src=\"\" data-img-src=\"https:\/\/pazangi.lt\/wp-content\/uploads\/2021\/11\/Donatas-Daunys-pazangi-energija.jpg\" alt=\"\" title=\"Donatas-Daunys-pazangi-energija\" \/><noscript>\n        <img loading=\"lazy\" decoding=\"async\" class=\"vce-single-image\" src=\"https:\/\/pazangi.lt\/wp-content\/uploads\/2021\/11\/Donatas-Daunys-pazangi-energija.jpg\" width=\"150\" height=\"150\" alt=\"\" title=\"Donatas-Daunys-pazangi-energija\" \/>\n      <\/noscript><\/div><figcaption hidden=\"\"><\/figcaption><\/figure><\/div><\/div><\/div><\/div><\/div><div class=\"vce-col vce-col--xs-67p vce-col--all-last\" id=\"el-4129ad8a\"><div class=\"vce-col-inner\" data-vce-do-apply=\"border margin background  el-4129ad8a\"><div class=\"vce-col-content\" data-vce-element-content=\"true\" data-vce-do-apply=\"padding el-4129ad8a\"><div class=\"vce vce-separator-container vce-separator--align-left vce-separator--style-solid\" id=\"el-4317166b\" data-vce-do-apply=\"margin el-4317166b\"><div class=\"vce-separator vce-separator--color-b-0-217-129 vce-separator--width-10 vce-separator--thickness-2\" data-vce-do-apply=\"border padding background  el-4317166b\"><\/div><\/div><div class=\"vce-text-block\"><div class=\"vce-text-block-wrapper vce\" id=\"el-d0882b25\" data-vce-do-apply=\"all el-d0882b25\"><h6>Donatas DAUNYS<\/h6><\/div><\/div><div class=\"vce-text-block\"><div class=\"vce-text-block-wrapper vce\" id=\"el-4b8a66e3\" data-vce-do-apply=\"all el-4b8a66e3\"><p style=\"line-height: 1.25;\"><span style=\"color: #000000;\"><span style=\"font-size: 10pt;\"><a style=\"color: #000000;\" href=\"tel:+370 699 96931\">+370 699 96931 <\/a><br><\/span><a style=\"color: #000000;\" href=\"mailto:donatas@pazangi.lt \"><span style=\"font-size: 10pt;\">donatas@pazangi.lt <\/span><\/a><\/span><\/p><\/div><\/div><\/div><\/div><\/div><\/div><\/div><\/div><div class=\"vce-text-block\"><div class=\"vce-text-block-wrapper vce\" id=\"el-56d1370a\" data-vce-do-apply=\"all el-56d1370a\"><p style=\"line-height: 1.25;\"><span style=\"font-size: 10pt;\"> Atsinaujinan\u010dios energetikos projektus Lietuvoje ir Lenkijoje vys\u010diau daugiau kaip 5 metus. Per \u0161\u012f laikotarp\u012f patirties ir \u017eini\u0173 s\u0117miausi \u017ealiosios energetikos srityje pirmaujan\u010diose \u0161alyse. Energijos gamyba i\u0161 organini\u0173 atliek\u0173 jose yra jau \u012fprasta praktika. Valstyb\u0117ms aktyviai ie\u0161kant, kaip spr\u0119sti vis aktualesn\u0119 klimato kaitos problem\u0105, toki\u0173 projekt\u0173 artimiausiais metais atsiras ir visoje Lietuvoje. <\/span><\/p><\/div><\/div><\/div><\/div><\/div><div class=\"vce-col vce-col--md-auto vce-col--xs-1 vce-col--xs-last vce-col--xs-first vce-col--sm-last vce-col--sm-first vce-col--md-last vce-col--lg-last vce-col--xl-last\" id=\"el-6f3ccb36\"><div class=\"vce-col-inner\" data-vce-do-apply=\"border margin background  el-6f3ccb36\"><div class=\"vce-content-background-container\"><\/div><div class=\"vce-col-content\" data-vce-element-content=\"true\" data-vce-do-apply=\"padding el-6f3ccb36\"><div class=\"vce-row-container\" data-vce-boxed-width=\"true\"><div class=\"vce-row vce-row--col-gap-30 vce-row-equal-height vce-row-content--middle\" id=\"el-de13006d\" data-vce-do-apply=\"all el-de13006d\"><div class=\"vce-row-content\" data-vce-element-content=\"true\"><div class=\"vce-col vce-col--xs-33p vce-col--all-first\" id=\"el-1c0131d3\"><div class=\"vce-col-inner\" data-vce-do-apply=\"border margin background  el-1c0131d3\"><div class=\"vce-col-content\" data-vce-element-content=\"true\" data-vce-do-apply=\"padding el-1c0131d3\"><\/div><\/div><\/div><div class=\"vce-col vce-col--xs-67p vce-col--all-last\" id=\"el-4bfef7c2\"><div class=\"vce-col-inner\" data-vce-do-apply=\"border margin background  el-4bfef7c2\"><div class=\"vce-col-content\" data-vce-element-content=\"true\" data-vce-do-apply=\"padding el-4bfef7c2\"><\/div><\/div><\/div><\/div><\/div><\/div><\/div><\/div><\/div><\/div><\/div><\/div><div class=\"vce-row-container\"><div class=\"vce-row vce-element--has-background vce-row--col-gap-30 vce-row-full-height vce-row-equal-height vce-row-columns--middle vce-row-content--middle\" data-vce-full-width=\"true\" id=\"el-fe75a9d8\" data-vce-do-apply=\"all el-fe75a9d8\"><div class=\"vce-content-background-container\"><div class=\"vce-asset-parallax-container vce-visible-all-only\" data-vce-assets-parallax=\".vce-asset-parallax\" data-vce-assets-parallax-fixed=\"true\" data-vce-assets-parallax-reverse=\"true\"><div class=\"vce-asset-parallax\" style=\"top: -860.32px; bottom: 860.32px; transform: translateY(0vh);\"><div class=\"vce-asset-background-simple-container vce-visible-all-only vce-asset-background-simple--style-cover vce-asset-background-simple--position-center-center\"><div class=\"vce-asset-background-simple\"><div class=\"vce-asset-background-simple-item\" style=\"background-image: url('https:\/\/pazangi.lt\/wp-content\/uploads\/2021\/10\/fonas-lapai.png');\"><\/div><\/div><\/div><\/div><\/div><\/div><div class=\"vce-row-content\" data-vce-element-content=\"true\"><div class=\"vce-col vce-col--md-auto vce-col--xs-1 vce-col--xs-last vce-col--xs-first vce-col--sm-last vce-col--sm-first vce-col--md-last vce-col--lg-last vce-col--xl-last vce-col--md-first vce-col--lg-first vce-col--xl-first\" id=\"el-edfccb01\"><div class=\"vce-col-inner\" data-vce-do-apply=\"border margin background  el-edfccb01\"><div class=\"vce-content-background-container\"><\/div><div class=\"vce-col-content\" data-vce-element-content=\"true\" data-vce-do-apply=\"padding el-edfccb01\"><div class=\"vce-text-block\"><div class=\"vce-text-block-wrapper vce\" id=\"el-356dd069\" data-vce-do-apply=\"all el-356dd069\"><h3><span style=\"color: #ffffff;\">Projektai<\/span><\/h3><\/div><\/div><div class=\"vce-text-block\"><div class=\"vce-text-block-wrapper vce\" id=\"el-2e305f9d\" data-vce-do-apply=\"all el-2e305f9d\"><h5 style=\"line-height: 1.5;\"><span style=\"color: #ffffff;\"> Pa\u017eangi\u0173j\u0173 biodegal\u0173 linija Bij\u016bn\u0117li\u0173 kaime \u0160iauli\u0173 rajone <\/span><\/h5><\/div><\/div><div class=\"vce-text-block\"><div class=\"vce-text-block-wrapper vce\" id=\"el-384d18c6\" data-vce-do-apply=\"all el-384d18c6\"><p><span style=\"color: #ffffff;\">\u0160iauli\u0173 rajone esan\u010diame Bij\u016bn\u0117li\u0173 kaime 2023 metais i\u0161kils moderni pa\u017eangi\u0173j\u0173 biodegal\u0173 gamybos linija. Ji prisid\u0117s prie \u0161varios atsinaujinan\u010dios energetikos pl\u0117tros \u0161alyje, o taip pat leis spr\u0119sti organini\u0173 atliek\u0173 problem\u0105 \u0160iauli\u0173 regione.<\/span><\/p><\/div><\/div><\/div><\/div><\/div><\/div><\/div><\/div><div class=\"vce-row-container\" data-vce-boxed-width=\"true\"><div class=\"vce-row vce-row--col-gap-150 vce-row-equal-height vce-row-content--top\" id=\"el-9e928d58\" data-vce-do-apply=\"all el-9e928d58\"><div class=\"vce-content-background-container\"><\/div><div class=\"vce-row-content\" data-vce-element-content=\"true\"><div class=\"vce-col vce-col--md-46p vce-col--xs-1 vce-col--xs-last vce-col--xs-first vce-col--sm-last vce-col--sm-first vce-col--md-first vce-col--lg-first vce-col--xl-first\" id=\"el-afba40dc\"><div class=\"vce-col-inner\" data-vce-do-apply=\"border margin background  el-afba40dc\"><div class=\"vce-col-content\" data-vce-element-content=\"true\" data-vce-do-apply=\"padding el-afba40dc\"><div class=\"vce-text-block\"><div class=\"vce-text-block-wrapper vce\" id=\"el-df2b811e\" data-vce-do-apply=\"all el-df2b811e\">Siekiant i\u0328gyvendinti valstybe\u0307s is\u030csikeltus tikslus sumaz\u030cinti s\u030ciltnamio efekta\u0328 sukelianc\u030ciu\u0328 duju\u0328 kieki\u0328, tokio tipo projektams geriausia kurtis maz\u030ciau urbanizuotose vietove\u0307se, kuriose gausu dirbamu\u0328 z\u030ceme\u0307s plotu\u0328, regionas turtingas tiek z\u030ceme\u0307s, tiek ir gyvulininkyste\u0307s u\u0304kiais, pramone\u0307je susidaranc\u030ciomis bioskaidz\u030ciomis atliekomis. Tod\u0117l projektui \u012fgyvendinti pasirinkta \u0161i lokacija. Taip pat s\u030cioje teritorijoje pagal S\u030ciauliu\u0328 rajono bendra\u0328ji\u0328 plana\u0328 galima vystyti auks\u030ctu\u0328ju\u0328 technologiju\u0328 pramone\u0307s objektus. <\/div><\/div><\/div><\/div><\/div><div class=\"vce-col vce-col--md-54p vce-col--xs-1 vce-col--xs-last vce-col--xs-first vce-col--sm-last vce-col--sm-first vce-col--md-last vce-col--lg-last vce-col--xl-last\" id=\"el-962bfa13\"><div class=\"vce-col-inner\" data-vce-do-apply=\"border margin background  el-962bfa13\"><div class=\"vce-col-content\" data-vce-element-content=\"true\" data-vce-do-apply=\"padding el-962bfa13\"><div class=\"vce-text-block\"><div class=\"vce-text-block-wrapper vce\" id=\"el-6af57d7e\" data-vce-do-apply=\"all el-6af57d7e\">\u012emon\u0117 \u012f pa\u017eangi\u0173j\u0173 biodegal\u0173 linij\u0105 \u0160iauli\u0173 rajone planuoja investuoti daugiau kaip 6 mln. eur\u0173. \u012e projekt\u0105 numatytos investicijos yra didesne\u0307s nei minimalus galimas lygis, nes i\u0328mone\u0307 planuoja i\u0328diegti paz\u030cangiausius ir technologis\u030ckai pranas\u030ciausius sprendinius, kurie jau i\u0328prasti uz\u030csienio valstybe\u0307se. Tai leis uz\u030ctikrinti, kad s\u030cis objektas bus pavyzdinis ne tik S\u030ciauliu\u0328 regiono, bet ir visos s\u030calies mastu. Projekte bus diegiami technologiniai sprendimai, naudojami bioduju\u0328 sektoriaus lyderiu\u0328 \u2013 Danijos, Vokietijos, Prancu\u0304zijos, Italijos.<\/div><\/div><\/div><\/div><\/div><\/div><\/div><\/div><div class=\"vce-row-container\" data-vce-boxed-width=\"true\"><div class=\"vce-row vce-row--col-gap-150 vce-row-equal-height vce-row-content--top\" id=\"el-f8bf5421\" data-vce-do-apply=\"all el-f8bf5421\"><div class=\"vce-content-background-container\"><\/div><div class=\"vce-row-content\" data-vce-element-content=\"true\"><div class=\"vce-col vce-col--md-auto vce-col--xs-1 vce-col--xs-last vce-col--xs-first vce-col--sm-last vce-col--sm-first vce-col--md-first vce-col--lg-first vce-col--xl-first\" id=\"el-b519ea58\"><div class=\"vce-col-inner\" data-vce-do-apply=\"border margin background  el-b519ea58\"><div class=\"vce-col-content\" data-vce-element-content=\"true\" data-vce-do-apply=\"padding el-b519ea58\"><div class=\"vce-text-block\"><div class=\"vce-text-block-wrapper vce\" id=\"el-5a92020a\" data-vce-do-apply=\"all el-5a92020a\"><strong>Tokio projekto atsiradimas paskatins papildom\u0173 investicij\u0173 \u012f region\u0105 pritraukim\u0105, bus sukurta nauju\u0328 auk\u0161tesn\u0117s kvalifikacijos darbo vietu\u0328.<\/strong><\/div><\/div><\/div><\/div><\/div><div class=\"vce-col vce-col--md-auto vce-col--xs-1 vce-col--xs-last vce-col--xs-first vce-col--sm-last vce-col--sm-first vce-col--md-last vce-col--lg-last vce-col--xl-last\" id=\"el-4e26cbef\"><div class=\"vce-col-inner\" data-vce-do-apply=\"border margin background  el-4e26cbef\"><div class=\"vce-col-content\" data-vce-element-content=\"true\" data-vce-do-apply=\"padding el-4e26cbef\"><\/div><\/div><\/div><\/div><\/div><\/div>\n","protected":false},"excerpt":{"rendered":"<p>Apie \u012fmon\u0119Pa\u017eangi energija \u2013 \u017ealiosios energetikos bendrov\u0117, vystanti pa\u017eangi\u0173j\u0173 biodegal\u0173 projektus Lietuvoje. 2021-aisiais metais \u012fmon\u0119 \u012fk\u016br\u0117 ilgamet\u0119 patirt\u012f atsinaujinan\u010dios energetikos sektoriuje sukaup\u0119 specialistai.Komanda Donatas DAUNYS+370 699 96931 donatas@pazangi.lt Atsinaujinan\u010dios energetikos projektus Lietuvoje ir Lenkijoje vys\u010diau daugiau kaip 5 metus. Per \u0161\u012f laikotarp\u012f patirties ir \u017eini\u0173 s\u0117miausi \u017ealiosios energetikos srityje pirmaujan\u010diose \u0161alyse. Energijos gamyba i\u0161 organini\u0173 [&hellip;]<\/p>\n","protected":false},"author":1,"featured_media":698,"parent":0,"menu_order":5,"comment_status":"closed","ping_status":"closed","template":"","meta":{"footnotes":""},"class_list":["post-736","page","type-page","status-publish","has-post-thumbnail","hentry"],"acf":[],"yoast_head":"<!-- This site is optimized with the Yoast SEO plugin v17.6 - https:\/\/yoast.com\/wordpress\/plugins\/seo\/ -->\n<title>Apie \u012fmon\u0119 - Pa\u017eangi energija<\/title>\n<meta name=\"description\" content=\"2021-aisiais metais \u012fkurta \u012fmon\u0117 Pa\u017eangi energija \u2013 tai \u017ealiosios energetikos bendrov\u0117, vystanti pa\u017eangi\u0173j\u0173 biodegal\u0173 projektus Lietuvoje.\" \/>\n<meta name=\"robots\" content=\"index, follow, max-snippet:-1, max-image-preview:large, max-video-preview:-1\" \/>\n<link rel=\"canonical\" href=\"https:\/\/pazangi.lt\/en\/apie-imone\/\" \/>\n<meta property=\"og:locale\" content=\"en_US\" \/>\n<meta property=\"og:type\" content=\"article\" \/>\n<meta property=\"og:title\" content=\"Pa\u017eangi energija ateities kartoms\" \/>\n<meta property=\"og:description\" content=\"2021-aisiais metais \u012fkurta \u012fmon\u0117 Pa\u017eangi energija \u2013 tai \u017ealiosios energetikos bendrov\u0117, vystanti pa\u017eangi\u0173j\u0173 biodegal\u0173 projektus Lietuvoje.\" \/>\n<meta property=\"og:url\" content=\"https:\/\/pazangi.lt\/en\/apie-imone\/\" \/>\n<meta property=\"og:site_name\" content=\"Pa\u017eangi energija\" \/>\n<meta property=\"article:modified_time\" content=\"2023-08-28T11:31:58+00:00\" \/>\n<meta property=\"og:image\" content=\"https:\/\/pazangi.lt\/wp-content\/uploads\/2021\/11\/energija.png\" \/>\n\t<meta property=\"og:image:width\" content=\"708\" \/>\n\t<meta property=\"og:image:height\" content=\"633\" \/>\n<meta name=\"twitter:card\" content=\"summary_large_image\" \/>\n<meta name=\"twitter:label1\" content=\"Est. reading time\" \/>\n\t<meta name=\"twitter:data1\" content=\"2 minutes\" \/>\n<script type=\"application\/ld+json\" class=\"yoast-schema-graph\">{\"@context\":\"https:\/\/schema.org\",\"@graph\":[{\"@type\":\"WebSite\",\"@id\":\"https:\/\/pazangi.lt\/#website\",\"url\":\"https:\/\/pazangi.lt\/\",\"name\":\"Pa\\u017eangi energija\",\"description\":\"\",\"potentialAction\":[{\"@type\":\"SearchAction\",\"target\":{\"@type\":\"EntryPoint\",\"urlTemplate\":\"https:\/\/pazangi.lt\/?s={search_term_string}\"},\"query-input\":\"required name=search_term_string\"}],\"inLanguage\":\"en-US\"},{\"@type\":\"ImageObject\",\"@id\":\"https:\/\/pazangi.lt\/en\/apie-imone\/#primaryimage\",\"inLanguage\":\"en-US\",\"url\":\"https:\/\/pazangi.lt\/wp-content\/uploads\/2021\/11\/energija.png\",\"contentUrl\":\"https:\/\/pazangi.lt\/wp-content\/uploads\/2021\/11\/energija.png\",\"width\":708,\"height\":633},{\"@type\":\"WebPage\",\"@id\":\"https:\/\/pazangi.lt\/en\/apie-imone\/#webpage\",\"url\":\"https:\/\/pazangi.lt\/en\/apie-imone\/\",\"name\":\"Apie \\u012fmon\\u0119 - Pa\\u017eangi energija\",\"isPartOf\":{\"@id\":\"https:\/\/pazangi.lt\/#website\"},\"primaryImageOfPage\":{\"@id\":\"https:\/\/pazangi.lt\/en\/apie-imone\/#primaryimage\"},\"datePublished\":\"2021-10-18T07:07:20+00:00\",\"dateModified\":\"2023-08-28T11:31:58+00:00\",\"description\":\"2021-aisiais metais \\u012fkurta \\u012fmon\\u0117 Pa\\u017eangi energija \\u2013 tai \\u017ealiosios energetikos bendrov\\u0117, vystanti pa\\u017eangi\\u0173j\\u0173 biodegal\\u0173 projektus Lietuvoje.\",\"breadcrumb\":{\"@id\":\"https:\/\/pazangi.lt\/en\/apie-imone\/#breadcrumb\"},\"inLanguage\":\"en-US\",\"potentialAction\":[{\"@type\":\"ReadAction\",\"target\":[\"https:\/\/pazangi.lt\/en\/apie-imone\/\"]}]},{\"@type\":\"BreadcrumbList\",\"@id\":\"https:\/\/pazangi.lt\/en\/apie-imone\/#breadcrumb\",\"itemListElement\":[{\"@type\":\"ListItem\",\"position\":1,\"name\":\"Home\",\"item\":\"https:\/\/pazangi.lt\/en\/\"},{\"@type\":\"ListItem\",\"position\":2,\"name\":\"Apie \\u012fmon\\u0119\"}]}]}<\/script>\n<!-- \/ Yoast SEO plugin. -->","yoast_head_json":{"title":"Apie \u012fmon\u0119 - Pa\u017eangi energija","description":"2021-aisiais metais \u012fkurta \u012fmon\u0117 Pa\u017eangi energija \u2013 tai \u017ealiosios energetikos bendrov\u0117, vystanti pa\u017eangi\u0173j\u0173 biodegal\u0173 projektus Lietuvoje.","robots":{"index":"index","follow":"follow","max-snippet":"max-snippet:-1","max-image-preview":"max-image-preview:large","max-video-preview":"max-video-preview:-1"},"canonical":"https:\/\/pazangi.lt\/en\/apie-imone\/","og_locale":"en_US","og_type":"article","og_title":"Pa\u017eangi energija ateities kartoms","og_description":"2021-aisiais metais \u012fkurta \u012fmon\u0117 Pa\u017eangi energija \u2013 tai \u017ealiosios energetikos bendrov\u0117, vystanti pa\u017eangi\u0173j\u0173 biodegal\u0173 projektus Lietuvoje.","og_url":"https:\/\/pazangi.lt\/en\/apie-imone\/","og_site_name":"Pa\u017eangi energija","article_modified_time":"2023-08-28T11:31:58+00:00","og_image":[{"width":708,"height":633,"url":"https:\/\/pazangi.lt\/wp-content\/uploads\/2021\/11\/energija.png","type":"image\/png"}],"twitter_card":"summary_large_image","twitter_misc":{"Est. reading time":"2 minutes"},"schema":{"@context":"https:\/\/schema.org","@graph":[{"@type":"WebSite","@id":"https:\/\/pazangi.lt\/#website","url":"https:\/\/pazangi.lt\/","name":"Pa\u017eangi energija","description":"","potentialAction":[{"@type":"SearchAction","target":{"@type":"EntryPoint","urlTemplate":"https:\/\/pazangi.lt\/?s={search_term_string}"},"query-input":"required name=search_term_string"}],"inLanguage":"en-US"},{"@type":"ImageObject","@id":"https:\/\/pazangi.lt\/en\/apie-imone\/#primaryimage","inLanguage":"en-US","url":"https:\/\/pazangi.lt\/wp-content\/uploads\/2021\/11\/energija.png","contentUrl":"https:\/\/pazangi.lt\/wp-content\/uploads\/2021\/11\/energija.png","width":708,"height":633},{"@type":"WebPage","@id":"https:\/\/pazangi.lt\/en\/apie-imone\/#webpage","url":"https:\/\/pazangi.lt\/en\/apie-imone\/","name":"Apie \u012fmon\u0119 - Pa\u017eangi energija","isPartOf":{"@id":"https:\/\/pazangi.lt\/#website"},"primaryImageOfPage":{"@id":"https:\/\/pazangi.lt\/en\/apie-imone\/#primaryimage"},"datePublished":"2021-10-18T07:07:20+00:00","dateModified":"2023-08-28T11:31:58+00:00","description":"2021-aisiais metais \u012fkurta \u012fmon\u0117 Pa\u017eangi energija \u2013 tai \u017ealiosios energetikos bendrov\u0117, vystanti pa\u017eangi\u0173j\u0173 biodegal\u0173 projektus Lietuvoje.","breadcrumb":{"@id":"https:\/\/pazangi.lt\/en\/apie-imone\/#breadcrumb"},"inLanguage":"en-US","potentialAction":[{"@type":"ReadAction","target":["https:\/\/pazangi.lt\/en\/apie-imone\/"]}]},{"@type":"BreadcrumbList","@id":"https:\/\/pazangi.lt\/en\/apie-imone\/#breadcrumb","itemListElement":[{"@type":"ListItem","position":1,"name":"Home","item":"https:\/\/pazangi.lt\/en\/"},{"@type":"ListItem","position":2,"name":"Apie \u012fmon\u0119"}]}]}},"_links":{"self":[{"href":"https:\/\/pazangi.lt\/en\/wp-json\/wp\/v2\/pages\/736","targetHints":{"allow":["GET"]}}],"collection":[{"href":"https:\/\/pazangi.lt\/en\/wp-json\/wp\/v2\/pages"}],"about":[{"href":"https:\/\/pazangi.lt\/en\/wp-json\/wp\/v2\/types\/page"}],"author":[{"embeddable":true,"href":"https:\/\/pazangi.lt\/en\/wp-json\/wp\/v2\/users\/1"}],"replies":[{"embeddable":true,"href":"https:\/\/pazangi.lt\/en\/wp-json\/wp\/v2\/comments?post=736"}],"version-history":[{"count":12,"href":"https:\/\/pazangi.lt\/en\/wp-json\/wp\/v2\/pages\/736\/revisions"}],"predecessor-version":[{"id":804,"href":"https:\/\/pazangi.lt\/en\/wp-json\/wp\/v2\/pages\/736\/revisions\/804"}],"wp:featuredmedia":[{"embeddable":true,"href":"https:\/\/pazangi.lt\/en\/wp-json\/wp\/v2\/media\/698"}],"wp:attachment":[{"href":"https:\/\/pazangi.lt\/en\/wp-json\/wp\/v2\/media?parent=736"}],"curies":[{"name":"wp","href":"https:\/\/api.w.org\/{rel}","templated":true}]}}